{"id":3554,"date":"2025-03-30T13:40:38","date_gmt":"2025-03-30T13:40:38","guid":{"rendered":"https:\/\/jahjagafoundation.org\/?page_id=3554"},"modified":"2025-05-24T21:07:41","modified_gmt":"2025-05-24T19:07:41","slug":"terms-and-conditions","status":"publish","type":"page","link":"https:\/\/jahjagafoundation.org\/sq\/terms-and-conditions\/","title":{"rendered":"Kushtet dhe Rregullat"},"content":{"rendered":"<p data-pm-slice=\"1 3 []\"><strong>Data:<\/strong> 01.05.2025<\/p>\r\n<p data-pm-slice=\"1 3 []\">Mir\u00eb se vini n\u00eb Fondacionin Jahjaga. Duke hyr\u00eb n\u00eb faqen ton\u00eb t\u00eb internetit, ju pranoni t\u00eb zbatoni dhe t\u00eb jeni t\u00eb detyruar nga Kushtet dhe Afatet e m\u00ebposhtme. N\u00ebse nuk pajtoheni me k\u00ebto kushte, ju lutemi mos e p\u00ebrdorni faqen ton\u00eb t\u00eb internetit.<\/p>\r\n<h3 class=\"wp-block-heading\">1. <strong>P\u00ebrdorimi i Faqes s\u00eb Internetit<\/strong><\/h3>\r\n<ul data-spread=\"false\">\r\n<li>\r\n<p>You agree to use this website for lawful purposes only.<\/p>\r\n<\/li>\r\n<li>\r\n<p>Nuk do t\u00eb angazhoheni n\u00eb asnj\u00eb aktivitet q\u00eb prish ose nd\u00ebrhyn n\u00eb funksionalitetin e faqes s\u00eb internetit.<\/p>\r\n<\/li>\r\n<li>\r\n<p>P\u00ebrdorimi i paautorizuar i k\u00ebsaj faqeje interneti mund t\u00eb rezultoj\u00eb n\u00eb veprime ligjore.<\/p>\r\n<\/li>\r\n<\/ul>\r\n<h3>2. <strong>Pron\u00ebsia Intelektuale<\/strong><\/h3>\r\n<ul data-spread=\"false\">\r\n<li>\r\n<p>I gjith\u00eb p\u00ebrmbajtja n\u00eb k\u00ebt\u00eb faqe interneti, duke p\u00ebrfshir\u00eb tekstin, grafik\u00ebt, logot dhe imazhet, \u00ebsht\u00eb pron\u00eb e Fondacionit Jahjaga ose furnizuesve t\u00eb tij t\u00eb p\u00ebrmbajtjes.<\/p>\r\n<\/li>\r\n<li>\r\n<p>Ju nuk mund t\u00eb riprodhoni, shp\u00ebrndani ose krijoni vepra derivate pa p\u00eblqimin paraprak me shkrim.<\/p>\r\n<\/li>\r\n<\/ul>\r\n<h3>3. <strong>Kufizimi i P\u00ebrgjegj\u00ebsis\u00eb<\/strong><\/h3>\r\n<ul data-spread=\"false\">\r\n<li>\r\n<p>Fondacioni Jahjaga nuk \u00ebsht\u00eb p\u00ebrgjegj\u00ebs p\u00ebr asnj\u00eb d\u00ebmtim t\u00eb drejtp\u00ebrdrejt\u00eb, t\u00eb t\u00ebrthort\u00eb ose pasues q\u00eb rrjedh nga p\u00ebrdorimi i k\u00ebsaj faqeje interneti.<\/p>\r\n<\/li>\r\n<li>\r\n<p>Ne nuk garantojm\u00eb q\u00eb faqja e internetit do t\u00eb jet\u00eb pa gabime ose e pand\u00ebrprer\u00eb.<\/p>\r\n<\/li>\r\n<\/ul>\r\n<h3>4. <strong>Lidhje t\u00eb Pal\u00ebve t\u00eb Treta<\/strong><\/h3>\r\n<ul data-spread=\"false\">\r\n<li>\r\n<p>Faqja jon\u00eb e internetit mund t\u00eb p\u00ebrmbaj\u00eb lidhje me faqet e internetit t\u00eb pal\u00ebve t\u00eb treta. Ne nuk jemi p\u00ebrgjegj\u00ebs p\u00ebr p\u00ebrmbajtjen ose praktikat e tyre.<\/p>\r\n<\/li>\r\n<\/ul>\r\n<h3>5. <strong>Modifikimet<\/strong><\/h3>\r\n<ul data-spread=\"false\">\r\n<li>\r\n<p>Fondacioni Jahjaga rezervon t\u00eb drejt\u00ebn p\u00ebr t\u00eb modifikuar k\u00ebto Kushte dhe Afate n\u00eb \u00e7do koh\u00eb.<\/p>\r\n<\/li>\r\n<li>\r\n<p>P\u00ebrdorimi i faqes s\u00eb internetit p\u00ebrb\u00ebn pranim t\u00eb \u00e7do kushti t\u00eb rishikuar.<\/p>\r\n<\/li>\r\n<\/ul>","protected":false},"excerpt":{"rendered":"<p>Effective Date: 01.05.2025 Welcome to Jahjaga Foundation. By accessing our  [&#8230;]<\/p>\n","protected":false},"author":1,"featured_media":0,"parent":0,"menu_order":0,"comment_status":"closed","ping_status":"open","template":"","meta":{"footnotes":""},"class_list":["post-3554","page","type-page","status-publish","hentry"],"yoast_head":"<!-- This site is optimized with the Yoast SEO plugin v27.3 - https:\/\/yoast.com\/product\/yoast-seo-wordpress\/ -->\n<title>Terms and Conditions - Jahjaga Foundation<\/title>\n<meta name=\"robots\" content=\"index, follow, max-snippet:-1, max-image-preview:large, max-video-preview:-1\" \/>\n<link rel=\"canonical\" href=\"https:\/\/jahjagafoundation.org\/sq\/terms-and-conditions\/\" \/>\n<meta property=\"og:locale\" content=\"sq_AL\" \/>\n<meta property=\"og:type\" content=\"article\" \/>\n<meta property=\"og:title\" content=\"Terms and Conditions - Jahjaga Foundation\" \/>\n<meta property=\"og:description\" content=\"Effective Date: 01.05.2025 Welcome to Jahjaga Foundation. By accessing our [...]\" \/>\n<meta property=\"og:url\" content=\"https:\/\/jahjagafoundation.org\/sq\/terms-and-conditions\/\" \/>\n<meta property=\"og:site_name\" content=\"Jahjaga Foundation\" \/>\n<meta property=\"article:modified_time\" content=\"2025-05-24T19:07:41+00:00\" \/>\n<meta name=\"twitter:card\" content=\"summary_large_image\" \/>\n<meta name=\"twitter:label1\" content=\"Est. reading time\" \/>\n\t<meta name=\"twitter:data1\" content=\"1 minut\u00eb\" \/>\n<script type=\"application\/ld+json\" class=\"yoast-schema-graph\">{\"@context\":\"https:\\\/\\\/schema.org\",\"@graph\":[{\"@type\":\"WebPage\",\"@id\":\"https:\\\/\\\/jahjagafoundation.org\\\/terms-and-conditions\\\/\",\"url\":\"https:\\\/\\\/jahjagafoundation.org\\\/terms-and-conditions\\\/\",\"name\":\"Terms and Conditions - Jahjaga Foundation\",\"isPartOf\":{\"@id\":\"https:\\\/\\\/jahjagafoundation.org\\\/#website\"},\"datePublished\":\"2025-03-30T13:40:38+00:00\",\"dateModified\":\"2025-05-24T19:07:41+00:00\",\"breadcrumb\":{\"@id\":\"https:\\\/\\\/jahjagafoundation.org\\\/terms-and-conditions\\\/#breadcrumb\"},\"inLanguage\":\"sq\",\"potentialAction\":[{\"@type\":\"ReadAction\",\"target\":[\"https:\\\/\\\/jahjagafoundation.org\\\/terms-and-conditions\\\/\"]}]},{\"@type\":\"BreadcrumbList\",\"@id\":\"https:\\\/\\\/jahjagafoundation.org\\\/terms-and-conditions\\\/#breadcrumb\",\"itemListElement\":[{\"@type\":\"ListItem\",\"position\":1,\"name\":\"Home\",\"item\":\"https:\\\/\\\/jahjagafoundation.org\\\/\"},{\"@type\":\"ListItem\",\"position\":2,\"name\":\"Terms and Conditions\"}]},{\"@type\":\"WebSite\",\"@id\":\"https:\\\/\\\/jahjagafoundation.org\\\/#website\",\"url\":\"https:\\\/\\\/jahjagafoundation.org\\\/\",\"name\":\"Jahjaga Foundation\",\"description\":\"Advancing Women\u2019s Leadership &amp; Social Change\",\"publisher\":{\"@id\":\"https:\\\/\\\/jahjagafoundation.org\\\/#organization\"},\"potentialAction\":[{\"@type\":\"SearchAction\",\"target\":{\"@type\":\"EntryPoint\",\"urlTemplate\":\"https:\\\/\\\/jahjagafoundation.org\\\/?s={search_term_string}\"},\"query-input\":{\"@type\":\"PropertyValueSpecification\",\"valueRequired\":true,\"valueName\":\"search_term_string\"}}],\"inLanguage\":\"sq\"},{\"@type\":\"Organization\",\"@id\":\"https:\\\/\\\/jahjagafoundation.org\\\/#organization\",\"name\":\"Jahjaga Foundation\",\"url\":\"https:\\\/\\\/jahjagafoundation.org\\\/\",\"logo\":{\"@type\":\"ImageObject\",\"inLanguage\":\"sq\",\"@id\":\"https:\\\/\\\/jahjagafoundation.org\\\/#\\\/schema\\\/logo\\\/image\\\/\",\"url\":\"https:\\\/\\\/jahjagafoundation.org\\\/wp-content\\\/uploads\\\/2025\\\/03\\\/Jahjaga-Foundation-Logo.png\",\"contentUrl\":\"https:\\\/\\\/jahjagafoundation.org\\\/wp-content\\\/uploads\\\/2025\\\/03\\\/Jahjaga-Foundation-Logo.png\",\"width\":200,\"height\":57,\"caption\":\"Jahjaga Foundation\"},\"image\":{\"@id\":\"https:\\\/\\\/jahjagafoundation.org\\\/#\\\/schema\\\/logo\\\/image\\\/\"}}]}<\/script>\n<!-- \/ Yoast SEO plugin. -->","yoast_head_json":{"title":"Terms and Conditions - Jahjaga Foundation","robots":{"index":"index","follow":"follow","max-snippet":"max-snippet:-1","max-image-preview":"max-image-preview:large","max-video-preview":"max-video-preview:-1"},"canonical":"https:\/\/jahjagafoundation.org\/sq\/terms-and-conditions\/","og_locale":"sq_AL","og_type":"article","og_title":"Terms and Conditions - Jahjaga Foundation","og_description":"Effective Date: 01.05.2025 Welcome to Jahjaga Foundation. By accessing our [...]","og_url":"https:\/\/jahjagafoundation.org\/sq\/terms-and-conditions\/","og_site_name":"Jahjaga Foundation","article_modified_time":"2025-05-24T19:07:41+00:00","twitter_card":"summary_large_image","twitter_misc":{"Est. reading time":"1 minut\u00eb"},"schema":{"@context":"https:\/\/schema.org","@graph":[{"@type":"WebPage","@id":"https:\/\/jahjagafoundation.org\/terms-and-conditions\/","url":"https:\/\/jahjagafoundation.org\/terms-and-conditions\/","name":"Terms and Conditions - Jahjaga Foundation","isPartOf":{"@id":"https:\/\/jahjagafoundation.org\/#website"},"datePublished":"2025-03-30T13:40:38+00:00","dateModified":"2025-05-24T19:07:41+00:00","breadcrumb":{"@id":"https:\/\/jahjagafoundation.org\/terms-and-conditions\/#breadcrumb"},"inLanguage":"sq","potentialAction":[{"@type":"ReadAction","target":["https:\/\/jahjagafoundation.org\/terms-and-conditions\/"]}]},{"@type":"BreadcrumbList","@id":"https:\/\/jahjagafoundation.org\/terms-and-conditions\/#breadcrumb","itemListElement":[{"@type":"ListItem","position":1,"name":"Home","item":"https:\/\/jahjagafoundation.org\/"},{"@type":"ListItem","position":2,"name":"Terms and Conditions"}]},{"@type":"WebSite","@id":"https:\/\/jahjagafoundation.org\/#website","url":"https:\/\/jahjagafoundation.org\/","name":"Jahjaga Foundation","description":"Advancing Women\u2019s Leadership &amp; Social Change","publisher":{"@id":"https:\/\/jahjagafoundation.org\/#organization"},"potentialAction":[{"@type":"SearchAction","target":{"@type":"EntryPoint","urlTemplate":"https:\/\/jahjagafoundation.org\/?s={search_term_string}"},"query-input":{"@type":"PropertyValueSpecification","valueRequired":true,"valueName":"search_term_string"}}],"inLanguage":"sq"},{"@type":"Organization","@id":"https:\/\/jahjagafoundation.org\/#organization","name":"Jahjaga Foundation","url":"https:\/\/jahjagafoundation.org\/","logo":{"@type":"ImageObject","inLanguage":"sq","@id":"https:\/\/jahjagafoundation.org\/#\/schema\/logo\/image\/","url":"https:\/\/jahjagafoundation.org\/wp-content\/uploads\/2025\/03\/Jahjaga-Foundation-Logo.png","contentUrl":"https:\/\/jahjagafoundation.org\/wp-content\/uploads\/2025\/03\/Jahjaga-Foundation-Logo.png","width":200,"height":57,"caption":"Jahjaga Foundation"},"image":{"@id":"https:\/\/jahjagafoundation.org\/#\/schema\/logo\/image\/"}}]}},"_links":{"self":[{"href":"https:\/\/jahjagafoundation.org\/sq\/wp-json\/wp\/v2\/pages\/3554","targetHints":{"allow":["GET"]}}],"collection":[{"href":"https:\/\/jahjagafoundation.org\/sq\/wp-json\/wp\/v2\/pages"}],"about":[{"href":"https:\/\/jahjagafoundation.org\/sq\/wp-json\/wp\/v2\/types\/page"}],"author":[{"embeddable":true,"href":"https:\/\/jahjagafoundation.org\/sq\/wp-json\/wp\/v2\/users\/1"}],"replies":[{"embeddable":true,"href":"https:\/\/jahjagafoundation.org\/sq\/wp-json\/wp\/v2\/comments?post=3554"}],"version-history":[{"count":2,"href":"https:\/\/jahjagafoundation.org\/sq\/wp-json\/wp\/v2\/pages\/3554\/revisions"}],"predecessor-version":[{"id":3558,"href":"https:\/\/jahjagafoundation.org\/sq\/wp-json\/wp\/v2\/pages\/3554\/revisions\/3558"}],"wp:attachment":[{"href":"https:\/\/jahjagafoundation.org\/sq\/wp-json\/wp\/v2\/media?parent=3554"}],"curies":[{"name":"wp","href":"https:\/\/api.w.org\/{rel}","templated":true}]}}